{"id":3075,"date":"2025-04-06T05:05:35","date_gmt":"2025-04-06T05:05:35","guid":{"rendered":"https:\/\/serconpsy.com\/?page_id=3075"},"modified":"2026-02-24T20:41:15","modified_gmt":"2026-02-25T01:41:15","slug":"why-should-you-feel-realistic-experiences","status":"publish","type":"page","link":"https:\/\/serconpsy.com\/en\/why-should-you-feel-realistic-experiences\/","title":{"rendered":"Para Qu\u00e9 [S.E.R.]"},"content":{"rendered":"\t\t<div data-elementor-type=\"wp-page\" data-elementor-id=\"3075\" class=\"elementor elementor-3075\" data-elementor-post-type=\"page\">\n\t\t\t\t\t\t<section class=\"elementor-section elementor-top-section elementor-element elementor-element-e6b4b93 elementor-section-full_width elementor-section-height-min-height elementor-section-height-default elementor-section-items-middle\" data-id=\"e6b4b93\" data-element_type=\"section\" data-e-type=\"section\" data-settings=\"{&quot;background_background&quot;:&quot;classic&quot;}\">\n\t\t\t\t\t\t\t<div class=\"elementor-background-overlay\"><\/div>\n\t\t\t\t\t\t\t<div class=\"elementor-container elementor-column-gap-default\">\n\t\t\t\t\t<div class=\"elementor-column elementor-col-100 elementor-top-column elementor-element elementor-element-fcb050d\" data-id=\"fcb050d\" data-element_type=\"column\" data-e-type=\"column\">\n\t\t\t<div class=\"elementor-widget-wrap elementor-element-populated\">\n\t\t\t\t\t\t<div class=\"elementor-element elementor-element-d8f53d8 elementor-widget elementor-widget-heading\" data-id=\"d8f53d8\" data-element_type=\"widget\" data-e-type=\"widget\" data-widget_type=\"heading.default\">\n\t\t\t\t\t<h2 class=\"elementor-heading-title elementor-size-default\">\u00bfPara qu\u00e9 [S.E.R.]?<\/h2>\t\t\t\t<\/div>\n\t\t\t\t\t<\/div>\n\t\t<\/div>\n\t\t\t\t\t<\/div>\n\t\t<\/section>\n\t\t\t\t<section class=\"elementor-section elementor-top-section elementor-element elementor-element-10d1443 elementor-section-boxed elementor-section-height-default elementor-section-height-default\" data-id=\"10d1443\" data-element_type=\"section\" data-e-type=\"section\" data-settings=\"{&quot;background_background&quot;:&quot;classic&quot;}\">\n\t\t\t\t\t\t<div class=\"elementor-container elementor-column-gap-default\">\n\t\t\t\t\t<div class=\"elementor-column elementor-col-100 elementor-top-column elementor-element elementor-element-54da0f2\" data-id=\"54da0f2\" data-element_type=\"column\" data-e-type=\"column\">\n\t\t\t<div class=\"elementor-widget-wrap elementor-element-populated\">\n\t\t\t\t\t\t<section class=\"elementor-section elementor-inner-section elementor-element elementor-element-d7cdc3d elementor-section-boxed elementor-section-height-default elementor-section-height-default\" data-id=\"d7cdc3d\" data-element_type=\"section\" data-e-type=\"section\">\n\t\t\t\t\t\t<div class=\"elementor-container elementor-column-gap-default\">\n\t\t\t\t\t<div class=\"elementor-column elementor-col-100 elementor-inner-column elementor-element elementor-element-7edd4d8\" data-id=\"7edd4d8\" data-element_type=\"column\" data-e-type=\"column\">\n\t\t\t<div class=\"elementor-widget-wrap elementor-element-populated\">\n\t\t\t\t\t\t<div class=\"elementor-element elementor-element-ebc9c08 elementor-widget elementor-widget-heading\" data-id=\"ebc9c08\" data-element_type=\"widget\" data-e-type=\"widget\" data-widget_type=\"heading.default\">\n\t\t\t\t\t<h2 class=\"elementor-heading-title elementor-size-default\">Inevitablemente s\u00ed, algunas personas consideran que \u201cno son nada\u201d. Esto, querido lector de mi p\u00e1gina web, en la realidad es totalmente diferente.<\/h2>\t\t\t\t<\/div>\n\t\t\t\t<div class=\"elementor-element elementor-element-6a28e5f elementor-invisible elementor-widget elementor-widget-image\" data-id=\"6a28e5f\" data-element_type=\"widget\" data-e-type=\"widget\" data-settings=\"{&quot;_animation&quot;:&quot;zoomIn&quot;}\" data-widget_type=\"image.default\">\n\t\t\t\t\t\t\t\t\t\t\t\t\t\t\t<img fetchpriority=\"high\" decoding=\"async\" width=\"800\" height=\"900\" src=\"https:\/\/serconpsy.com\/wp-content\/uploads\/2025\/04\/Imagenes-para-sitio-web-S.E.R.-5.png\" class=\"attachment-full size-full wp-image-3083\" alt=\"\" srcset=\"https:\/\/serconpsy.com\/wp-content\/uploads\/2025\/04\/Imagenes-para-sitio-web-S.E.R.-5.png 800w, https:\/\/serconpsy.com\/wp-content\/uploads\/2025\/04\/Imagenes-para-sitio-web-S.E.R.-5-267x300.png 267w, https:\/\/serconpsy.com\/wp-content\/uploads\/2025\/04\/Imagenes-para-sitio-web-S.E.R.-5-768x864.png 768w, https:\/\/serconpsy.com\/wp-content\/uploads\/2025\/04\/Imagenes-para-sitio-web-S.E.R.-5-11x12.png 11w, https:\/\/serconpsy.com\/wp-content\/uploads\/2025\/04\/Imagenes-para-sitio-web-S.E.R.-5-600x675.png 600w\" sizes=\"(max-width: 800px) 100vw, 800px\" \/>\t\t\t\t\t\t\t\t\t\t\t\t\t\t\t<\/div>\n\t\t\t\t<div class=\"elementor-element elementor-element-2ceae55 elementor-widget elementor-widget-heading\" data-id=\"2ceae55\" data-element_type=\"widget\" data-e-type=\"widget\" data-widget_type=\"heading.default\">\n\t\t\t\t\t<h2 class=\"elementor-heading-title elementor-size-default\">Resulta que S.E.R es la b\u00fasqueda y no b\u00fasqueda, la acci\u00f3n o la pasividad, la expresividad o el silencio, por lo tanto S.E.R resulta una posibilidad de lo impredecible, de vivir, de respirar despu\u00e9s de estar en el fondo del mar, pero tambi\u00e9n tomar aire para volver a nadar bajo el agua.<\/h2>\t\t\t\t<\/div>\n\t\t\t\t<div class=\"elementor-element elementor-element-7e46ae7 elementor-widget elementor-widget-heading\" data-id=\"7e46ae7\" data-element_type=\"widget\" data-e-type=\"widget\" data-widget_type=\"heading.default\">\n\t\t\t\t\t<h2 class=\"elementor-heading-title elementor-size-default\">\u00bfPara qu\u00e9 <b>S.E.R<\/b>?<br><br><b>\u00a1Pues para existir con [SER]enidad!<\/b> <br><br>Para sentir desde lo que somos, lo que fuimos y lo que queremos ser. <br><br>Para experimentar, pero no sobre cualquier cosa, sino sobre lo que nos gusta, lo que nos hace bien, encaminados hacia una realidad que va m\u00e1s all\u00e1 de perder o ganar. <\/h2>\t\t\t\t<\/div>\n\t\t\t\t<div class=\"elementor-element elementor-element-fb8b3c9 elementor-widget elementor-widget-heading\" data-id=\"fb8b3c9\" data-element_type=\"widget\" data-e-type=\"widget\" data-widget_type=\"heading.default\">\n\t\t\t\t\t<h2 class=\"elementor-heading-title elementor-size-default\">Y por \u00faltimo, para contemplar, transitar los dolores y crisis de una realidad que navega en la compleja paradoja sobre lo que los otros ven y sobre lo que nosotros vemos pero, aun as\u00ed, lograr poner limites, cambiar y\/o movilizarnos para SER distintos seres humanos.<\/h2>\t\t\t\t<\/div>\n\t\t\t\t\t<\/div>\n\t\t<\/div>\n\t\t\t\t\t<\/div>\n\t\t<\/section>\n\t\t\t\t<div class=\"elementor-element elementor-element-6967e27 elementor-align-center elementor-widget elementor-widget-button\" data-id=\"6967e27\" data-element_type=\"widget\" data-e-type=\"widget\" data-widget_type=\"button.default\">\n\t\t\t\t\t\t\t\t\t\t<a class=\"elementor-button elementor-button-link elementor-size-sm\" href=\"https:\/\/serconpsy.com\/en\/book-your-psychotherapy-appointment\/\">\n\t\t\t\t\t\t<span class=\"elementor-button-content-wrapper\">\n\t\t\t\t\t\t\t\t\t<span class=\"elementor-button-text\">\u00bfLo descubrimos juntos?<\/span>\n\t\t\t\t\t<\/span>\n\t\t\t\t\t<\/a>\n\t\t\t\t\t\t\t\t<\/div>\n\t\t\t\t\t<\/div>\n\t\t<\/div>\n\t\t\t\t\t<\/div>\n\t\t<\/section>\n\t\t\t\t<\/div>\n\t\t","protected":false},"excerpt":{"rendered":"<p>\u00bfPara qu\u00e9 [S.E.R.]? Inevitablemente s\u00ed, algunas personas consideran que \u201cno son nada\u201d. Esto, querido lector de mi p\u00e1gina web, en la realidad es totalmente diferente. Resulta que S.E.R es la b\u00fasqueda y no b\u00fasqueda, la acci\u00f3n o la pasividad, la expresividad o el silencio, por lo tanto S.E.R resulta una posibilidad de lo impredecible, de [&hellip;]<\/p>\n","protected":false},"author":1,"featured_media":0,"parent":0,"menu_order":0,"comment_status":"closed","ping_status":"closed","template":"","meta":{"_joinchat":[],"footnotes":""},"class_list":["post-3075","page","type-page","status-publish","hentry"],"_links":{"self":[{"href":"https:\/\/serconpsy.com\/en\/wp-json\/wp\/v2\/pages\/3075","targetHints":{"allow":["GET"]}}],"collection":[{"href":"https:\/\/serconpsy.com\/en\/wp-json\/wp\/v2\/pages"}],"about":[{"href":"https:\/\/serconpsy.com\/en\/wp-json\/wp\/v2\/types\/page"}],"author":[{"embeddable":true,"href":"https:\/\/serconpsy.com\/en\/wp-json\/wp\/v2\/users\/1"}],"replies":[{"embeddable":true,"href":"https:\/\/serconpsy.com\/en\/wp-json\/wp\/v2\/comments?post=3075"}],"version-history":[{"count":28,"href":"https:\/\/serconpsy.com\/en\/wp-json\/wp\/v2\/pages\/3075\/revisions"}],"predecessor-version":[{"id":3439,"href":"https:\/\/serconpsy.com\/en\/wp-json\/wp\/v2\/pages\/3075\/revisions\/3439"}],"wp:attachment":[{"href":"https:\/\/serconpsy.com\/en\/wp-json\/wp\/v2\/media?parent=3075"}],"curies":[{"name":"wp","href":"https:\/\/api.w.org\/{rel}","templated":true}]}}