{"id":3012,"date":"2025-04-06T00:39:26","date_gmt":"2025-04-06T00:39:26","guid":{"rendered":"https:\/\/serconpsy.com\/?page_id=3012"},"modified":"2026-02-24T20:46:50","modified_gmt":"2026-02-25T01:46:50","slug":"how-is-it-possible-to-feel-realistic-experiences","status":"publish","type":"page","link":"https:\/\/serconpsy.com\/en\/how-is-it-possible-to-feel-realistic-experiences\/","title":{"rendered":"C\u00f3mo es posible S.E.R."},"content":{"rendered":"\t\t<div data-elementor-type=\"wp-page\" data-elementor-id=\"3012\" class=\"elementor elementor-3012\" data-elementor-post-type=\"page\">\n\t\t\t\t\t\t<section class=\"elementor-section elementor-top-section elementor-element elementor-element-ae6e56f elementor-section-full_width elementor-section-height-min-height elementor-section-height-default elementor-section-items-middle\" data-id=\"ae6e56f\" data-element_type=\"section\" data-e-type=\"section\" data-settings=\"{&quot;background_background&quot;:&quot;classic&quot;}\">\n\t\t\t\t\t\t\t<div class=\"elementor-background-overlay\"><\/div>\n\t\t\t\t\t\t\t<div class=\"elementor-container elementor-column-gap-default\">\n\t\t\t\t\t<div class=\"elementor-column elementor-col-100 elementor-top-column elementor-element elementor-element-f0457fb\" data-id=\"f0457fb\" data-element_type=\"column\" data-e-type=\"column\">\n\t\t\t<div class=\"elementor-widget-wrap elementor-element-populated\">\n\t\t\t\t\t\t<div class=\"elementor-element elementor-element-1096249 elementor-widget elementor-widget-heading\" data-id=\"1096249\" data-element_type=\"widget\" data-e-type=\"widget\" data-widget_type=\"heading.default\">\n\t\t\t\t\t<h2 class=\"elementor-heading-title elementor-size-default\">\u00bfC\u00f3mo es posible [S.E.R.]?<\/h2>\t\t\t\t<\/div>\n\t\t\t\t\t<\/div>\n\t\t<\/div>\n\t\t\t\t\t<\/div>\n\t\t<\/section>\n\t\t\t\t<section class=\"elementor-section elementor-top-section elementor-element elementor-element-f0218f7 elementor-section-boxed elementor-section-height-default elementor-section-height-default\" data-id=\"f0218f7\" data-element_type=\"section\" data-e-type=\"section\">\n\t\t\t\t\t\t<div class=\"elementor-container elementor-column-gap-default\">\n\t\t\t\t\t<div class=\"elementor-column elementor-col-100 elementor-top-column elementor-element elementor-element-2851f69\" data-id=\"2851f69\" data-element_type=\"column\" data-e-type=\"column\">\n\t\t\t<div class=\"elementor-widget-wrap elementor-element-populated\">\n\t\t\t\t\t\t<div class=\"elementor-element elementor-element-26fa40f elementor-blockquote--skin-quotation elementor-blockquote--align-center elementor-widget elementor-widget-blockquote\" data-id=\"26fa40f\" data-element_type=\"widget\" data-e-type=\"widget\" data-widget_type=\"blockquote.default\">\n\t\t\t\t\t\t\t<blockquote class=\"elementor-blockquote\">\n\t\t\t<p class=\"elementor-blockquote__content\">\n\t\t\t\tEl realismo de tus experiencias est\u00e1 escrito por los caminos, posicionamientos y narrativas que busques, no por lo que el mundo diga de ti.\t\t\t<\/p>\n\t\t\t\t\t\t\t<div class=\"e-q-footer\">\n\t\t\t\t\t\t\t\t\t\t\t<cite class=\"elementor-blockquote__author\">Daniel L\u00f3pez<\/cite>\n\t\t\t\t\t\t\t\t\t\t\t\t\t\t<\/div>\n\t\t\t\t\t<\/blockquote>\n\t\t\t\t\t\t<\/div>\n\t\t\t\t\t<\/div>\n\t\t<\/div>\n\t\t\t\t\t<\/div>\n\t\t<\/section>\n\t\t\t\t<section class=\"elementor-section elementor-top-section elementor-element elementor-element-4691f03 elementor-section-boxed elementor-section-height-default elementor-section-height-default\" data-id=\"4691f03\" data-element_type=\"section\" data-e-type=\"section\" data-settings=\"{&quot;background_background&quot;:&quot;classic&quot;}\">\n\t\t\t\t\t\t<div class=\"elementor-container elementor-column-gap-default\">\n\t\t\t\t\t<div class=\"elementor-column elementor-col-100 elementor-top-column elementor-element elementor-element-1868b3a\" data-id=\"1868b3a\" data-element_type=\"column\" data-e-type=\"column\">\n\t\t\t<div class=\"elementor-widget-wrap elementor-element-populated\">\n\t\t\t\t\t\t<div class=\"elementor-element elementor-element-84e017b elementor-widget elementor-widget-heading\" data-id=\"84e017b\" data-element_type=\"widget\" data-e-type=\"widget\" data-widget_type=\"heading.default\">\n\t\t\t\t\t<h2 class=\"elementor-heading-title elementor-size-default\">S.E.Renidad como individuo<\/h2>\t\t\t\t<\/div>\n\t\t\t\t<section class=\"elementor-section elementor-inner-section elementor-element elementor-element-a4edb47 elementor-section-boxed elementor-section-height-default elementor-section-height-default\" data-id=\"a4edb47\" data-element_type=\"section\" data-e-type=\"section\">\n\t\t\t\t\t\t<div class=\"elementor-container elementor-column-gap-default\">\n\t\t\t\t\t<div class=\"elementor-column elementor-col-100 elementor-inner-column elementor-element elementor-element-5f87daf\" data-id=\"5f87daf\" data-element_type=\"column\" data-e-type=\"column\">\n\t\t\t<div class=\"elementor-widget-wrap elementor-element-populated\">\n\t\t\t\t\t\t<div class=\"elementor-element elementor-element-ef8f942 elementor-widget elementor-widget-heading\" data-id=\"ef8f942\" data-element_type=\"widget\" data-e-type=\"widget\" data-widget_type=\"heading.default\">\n\t\t\t\t\t<h2 class=\"elementor-heading-title elementor-size-default\">Ac\u00e1 hablamos de la posibilidad de nacer, crecer, relacionarse con el mundo y morir, pero no s\u00f3lo desde lo f\u00edsico o tradicionalmente entendido como \u201cla debilidad del cuerpo\u201d. Entonces:<\/h2>\t\t\t\t<\/div>\n\t\t\t\t<div class=\"elementor-element elementor-element-a89f303 elementor-invisible elementor-widget elementor-widget-image\" data-id=\"a89f303\" data-element_type=\"widget\" data-e-type=\"widget\" data-settings=\"{&quot;_animation&quot;:&quot;zoomIn&quot;}\" data-widget_type=\"image.default\">\n\t\t\t\t\t\t\t\t\t\t\t\t\t\t\t<img fetchpriority=\"high\" decoding=\"async\" width=\"800\" height=\"900\" src=\"https:\/\/serconpsy.com\/wp-content\/uploads\/2025\/04\/Imagenes-para-sitio-web-S.E.R.png\" class=\"attachment-full size-full wp-image-3022\" alt=\"\" srcset=\"https:\/\/serconpsy.com\/wp-content\/uploads\/2025\/04\/Imagenes-para-sitio-web-S.E.R.png 800w, https:\/\/serconpsy.com\/wp-content\/uploads\/2025\/04\/Imagenes-para-sitio-web-S.E.R-267x300.png 267w, https:\/\/serconpsy.com\/wp-content\/uploads\/2025\/04\/Imagenes-para-sitio-web-S.E.R-768x864.png 768w, https:\/\/serconpsy.com\/wp-content\/uploads\/2025\/04\/Imagenes-para-sitio-web-S.E.R-11x12.png 11w, https:\/\/serconpsy.com\/wp-content\/uploads\/2025\/04\/Imagenes-para-sitio-web-S.E.R-600x675.png 600w\" sizes=\"(max-width: 800px) 100vw, 800px\" \/>\t\t\t\t\t\t\t\t\t\t\t\t\t\t\t<\/div>\n\t\t\t\t<div class=\"elementor-element elementor-element-271aaec elementor-widget elementor-widget-heading\" data-id=\"271aaec\" data-element_type=\"widget\" data-e-type=\"widget\" data-widget_type=\"heading.default\">\n\t\t\t\t\t<h2 class=\"elementor-heading-title elementor-size-default\">\u00bfSe pueden dejar malos h\u00e1bitos simbolizados como la muerte de aspectos que no me hacen bien?<\/h2>\t\t\t\t<\/div>\n\t\t\t\t<div class=\"elementor-element elementor-element-6dcf8dc elementor-widget elementor-widget-heading\" data-id=\"6dcf8dc\" data-element_type=\"widget\" data-e-type=\"widget\" data-widget_type=\"heading.default\">\n\t\t\t\t\t<h2 class=\"elementor-heading-title elementor-size-default\">\u00bfEs posible cambiar la forma de relacionarnos con nosotros mismos y con los dem\u00e1s?<\/h2>\t\t\t\t<\/div>\n\t\t\t\t\t<\/div>\n\t\t<\/div>\n\t\t\t\t\t<\/div>\n\t\t<\/section>\n\t\t\t\t<div class=\"elementor-element elementor-element-c028d71 elementor-align-center elementor-widget elementor-widget-button\" data-id=\"c028d71\" data-element_type=\"widget\" data-e-type=\"widget\" data-widget_type=\"button.default\">\n\t\t\t\t\t\t\t\t\t\t<a class=\"elementor-button elementor-button-link elementor-size-sm\" href=\"https:\/\/serconpsy.com\/en\/individual-therapy\/\">\n\t\t\t\t\t\t<span class=\"elementor-button-content-wrapper\">\n\t\t\t\t\t\t\t\t\t<span class=\"elementor-button-text\">Comencemos a S.E.R. individuos<\/span>\n\t\t\t\t\t<\/span>\n\t\t\t\t\t<\/a>\n\t\t\t\t\t\t\t\t<\/div>\n\t\t\t\t\t<\/div>\n\t\t<\/div>\n\t\t\t\t\t<\/div>\n\t\t<\/section>\n\t\t\t\t<section class=\"elementor-section elementor-top-section elementor-element elementor-element-d0390b9 elementor-section-boxed elementor-section-height-default elementor-section-height-default\" data-id=\"d0390b9\" data-element_type=\"section\" data-e-type=\"section\" data-settings=\"{&quot;background_background&quot;:&quot;classic&quot;}\">\n\t\t\t\t\t\t<div class=\"elementor-container elementor-column-gap-default\">\n\t\t\t\t\t<div class=\"elementor-column elementor-col-100 elementor-top-column elementor-element elementor-element-ad4c15f\" data-id=\"ad4c15f\" data-element_type=\"column\" data-e-type=\"column\">\n\t\t\t<div class=\"elementor-widget-wrap elementor-element-populated\">\n\t\t\t\t\t\t<div class=\"elementor-element elementor-element-88200de elementor-widget elementor-widget-heading\" data-id=\"88200de\" data-element_type=\"widget\" data-e-type=\"widget\" data-widget_type=\"heading.default\">\n\t\t\t\t\t<h2 class=\"elementor-heading-title elementor-size-default\">S.E.Renidad como pareja<\/h2>\t\t\t\t<\/div>\n\t\t\t\t<section class=\"elementor-section elementor-inner-section elementor-element elementor-element-fc1ae3b elementor-section-boxed elementor-section-height-default elementor-section-height-default\" data-id=\"fc1ae3b\" data-element_type=\"section\" data-e-type=\"section\">\n\t\t\t\t\t\t<div class=\"elementor-container elementor-column-gap-default\">\n\t\t\t\t\t<div class=\"elementor-column elementor-col-100 elementor-inner-column elementor-element elementor-element-244192a\" data-id=\"244192a\" data-element_type=\"column\" data-e-type=\"column\">\n\t\t\t<div class=\"elementor-widget-wrap elementor-element-populated\">\n\t\t\t\t\t\t<div class=\"elementor-element elementor-element-4e308d2 elementor-widget elementor-widget-heading\" data-id=\"4e308d2\" data-element_type=\"widget\" data-e-type=\"widget\" data-widget_type=\"heading.default\">\n\t\t\t\t\t<h2 class=\"elementor-heading-title elementor-size-default\">Si uno m\u00e1s uno son dos, pues ac\u00e1 lo planteamos distinto: <b>\u00a1uno m\u00e1s uno son tres!<\/b><br><br>\u00a1S\u00ed, as\u00ed como lo ves! <br><br>Ese tercero es la apreciaci\u00f3n de las diversas y bellas diferencias entre dos personas. <br><br>Que las crisis en pareja sean una oportunidad y la monoton\u00eda una puerta para conocernos, as\u00ed llevemos mucho tiempo viviendo, casados, etc.<\/h2>\t\t\t\t<\/div>\n\t\t\t\t<div class=\"elementor-element elementor-element-6c7c040 elementor-invisible elementor-widget elementor-widget-image\" data-id=\"6c7c040\" data-element_type=\"widget\" data-e-type=\"widget\" data-settings=\"{&quot;_animation&quot;:&quot;zoomIn&quot;}\" data-widget_type=\"image.default\">\n\t\t\t\t\t\t\t\t\t\t\t\t\t\t\t<img decoding=\"async\" width=\"800\" height=\"900\" src=\"https:\/\/serconpsy.com\/wp-content\/uploads\/2025\/04\/Imagenes-para-sitio-web-S.E.R.-3.png\" class=\"attachment-full size-full wp-image-3038\" alt=\"\" srcset=\"https:\/\/serconpsy.com\/wp-content\/uploads\/2025\/04\/Imagenes-para-sitio-web-S.E.R.-3.png 800w, https:\/\/serconpsy.com\/wp-content\/uploads\/2025\/04\/Imagenes-para-sitio-web-S.E.R.-3-267x300.png 267w, https:\/\/serconpsy.com\/wp-content\/uploads\/2025\/04\/Imagenes-para-sitio-web-S.E.R.-3-768x864.png 768w, https:\/\/serconpsy.com\/wp-content\/uploads\/2025\/04\/Imagenes-para-sitio-web-S.E.R.-3-11x12.png 11w, https:\/\/serconpsy.com\/wp-content\/uploads\/2025\/04\/Imagenes-para-sitio-web-S.E.R.-3-600x675.png 600w\" sizes=\"(max-width: 800px) 100vw, 800px\" \/>\t\t\t\t\t\t\t\t\t\t\t\t\t\t\t<\/div>\n\t\t\t\t\t<\/div>\n\t\t<\/div>\n\t\t\t\t\t<\/div>\n\t\t<\/section>\n\t\t\t\t<div class=\"elementor-element elementor-element-b1eda8f elementor-align-center elementor-widget elementor-widget-button\" data-id=\"b1eda8f\" data-element_type=\"widget\" data-e-type=\"widget\" data-widget_type=\"button.default\">\n\t\t\t\t\t\t\t\t\t\t<a class=\"elementor-button elementor-button-link elementor-size-sm\" href=\"https:\/\/serconpsy.com\/en\/couples-therapy\/\">\n\t\t\t\t\t\t<span class=\"elementor-button-content-wrapper\">\n\t\t\t\t\t\t\t\t\t<span class=\"elementor-button-text\">Trabajemos para S.E.R. pareja<\/span>\n\t\t\t\t\t<\/span>\n\t\t\t\t\t<\/a>\n\t\t\t\t\t\t\t\t<\/div>\n\t\t\t\t\t<\/div>\n\t\t<\/div>\n\t\t\t\t\t<\/div>\n\t\t<\/section>\n\t\t\t\t<section class=\"elementor-section elementor-top-section elementor-element elementor-element-c2fe1d4 elementor-section-boxed elementor-section-height-default elementor-section-height-default\" data-id=\"c2fe1d4\" data-element_type=\"section\" data-e-type=\"section\" data-settings=\"{&quot;background_background&quot;:&quot;classic&quot;}\">\n\t\t\t\t\t\t<div class=\"elementor-container elementor-column-gap-default\">\n\t\t\t\t\t<div class=\"elementor-column elementor-col-100 elementor-top-column elementor-element elementor-element-5a2b218\" data-id=\"5a2b218\" data-element_type=\"column\" data-e-type=\"column\">\n\t\t\t<div class=\"elementor-widget-wrap elementor-element-populated\">\n\t\t\t\t\t\t<div class=\"elementor-element elementor-element-f9260cc elementor-widget elementor-widget-heading\" data-id=\"f9260cc\" data-element_type=\"widget\" data-e-type=\"widget\" data-widget_type=\"heading.default\">\n\t\t\t\t\t<h2 class=\"elementor-heading-title elementor-size-default\">S.E.Rerenidad como familia<\/h2>\t\t\t\t<\/div>\n\t\t\t\t<section class=\"elementor-section elementor-inner-section elementor-element elementor-element-2dbf7f1 elementor-section-boxed elementor-section-height-default elementor-section-height-default\" data-id=\"2dbf7f1\" data-element_type=\"section\" data-e-type=\"section\">\n\t\t\t\t\t\t<div class=\"elementor-container elementor-column-gap-default\">\n\t\t\t\t\t<div class=\"elementor-column elementor-col-100 elementor-inner-column elementor-element elementor-element-0d4a6fb\" data-id=\"0d4a6fb\" data-element_type=\"column\" data-e-type=\"column\">\n\t\t\t<div class=\"elementor-widget-wrap elementor-element-populated\">\n\t\t\t\t\t\t<div class=\"elementor-element elementor-element-b098cd2 elementor-widget elementor-widget-heading\" data-id=\"b098cd2\" data-element_type=\"widget\" data-e-type=\"widget\" data-widget_type=\"heading.default\">\n\t\t\t\t\t<h2 class=\"elementor-heading-title elementor-size-default\">Que si nos sentimos inseguros porque ya no es el mismo ni\u00f1o\/a que antes, que si terminara teniendo malas costumbres, o qu\u00e9 pasar\u00eda si, cuando lo\/a castigo, me contradice mi pareja enfrente de nuestro hijo\/a, \u00bfqu\u00e9?<br><br>O, quiz\u00e1s, me enfoco tanto en el trabajo que los fines de semana casi ninguno es en familia, ni salimos ni nada. <br><br>La familia es un sistema que impacta a la sociedad.<\/h2>\t\t\t\t<\/div>\n\t\t\t\t<div class=\"elementor-element elementor-element-f912b24 elementor-invisible elementor-widget elementor-widget-image\" data-id=\"f912b24\" data-element_type=\"widget\" data-e-type=\"widget\" data-settings=\"{&quot;_animation&quot;:&quot;zoomIn&quot;}\" data-widget_type=\"image.default\">\n\t\t\t\t\t\t\t\t\t\t\t\t\t\t\t<img decoding=\"async\" width=\"800\" height=\"900\" src=\"https:\/\/serconpsy.com\/wp-content\/uploads\/2025\/04\/Imagenes-para-sitio-web-S.E.R.-4.png\" class=\"attachment-full size-full wp-image-3040\" alt=\"\" srcset=\"https:\/\/serconpsy.com\/wp-content\/uploads\/2025\/04\/Imagenes-para-sitio-web-S.E.R.-4.png 800w, https:\/\/serconpsy.com\/wp-content\/uploads\/2025\/04\/Imagenes-para-sitio-web-S.E.R.-4-267x300.png 267w, https:\/\/serconpsy.com\/wp-content\/uploads\/2025\/04\/Imagenes-para-sitio-web-S.E.R.-4-768x864.png 768w, https:\/\/serconpsy.com\/wp-content\/uploads\/2025\/04\/Imagenes-para-sitio-web-S.E.R.-4-11x12.png 11w, https:\/\/serconpsy.com\/wp-content\/uploads\/2025\/04\/Imagenes-para-sitio-web-S.E.R.-4-600x675.png 600w\" sizes=\"(max-width: 800px) 100vw, 800px\" \/>\t\t\t\t\t\t\t\t\t\t\t\t\t\t\t<\/div>\n\t\t\t\t\t<\/div>\n\t\t<\/div>\n\t\t\t\t\t<\/div>\n\t\t<\/section>\n\t\t\t\t<div class=\"elementor-element elementor-element-73cb90c elementor-align-center elementor-widget elementor-widget-button\" data-id=\"73cb90c\" data-element_type=\"widget\" data-e-type=\"widget\" data-widget_type=\"button.default\">\n\t\t\t\t\t\t\t\t\t\t<a class=\"elementor-button elementor-button-link elementor-size-sm\" href=\"https:\/\/serconpsy.com\/en\/family-therapy\/\">\n\t\t\t\t\t\t<span class=\"elementor-button-content-wrapper\">\n\t\t\t\t\t\t\t\t\t<span class=\"elementor-button-text\">Queremos S.E.R. familia<\/span>\n\t\t\t\t\t<\/span>\n\t\t\t\t\t<\/a>\n\t\t\t\t\t\t\t\t<\/div>\n\t\t\t\t\t<\/div>\n\t\t<\/div>\n\t\t\t\t\t<\/div>\n\t\t<\/section>\n\t\t\t\t<section class=\"elementor-section elementor-top-section elementor-element elementor-element-7774e97 elementor-section-boxed elementor-section-height-default elementor-section-height-default\" data-id=\"7774e97\" data-element_type=\"section\" data-e-type=\"section\">\n\t\t\t\t\t\t<div class=\"elementor-container elementor-column-gap-default\">\n\t\t\t\t\t<div class=\"elementor-column elementor-col-100 elementor-top-column elementor-element elementor-element-69a3496\" data-id=\"69a3496\" data-element_type=\"column\" data-e-type=\"column\">\n\t\t\t<div class=\"elementor-widget-wrap elementor-element-populated\">\n\t\t\t\t\t\t<div class=\"elementor-element elementor-element-04cfc3a elementor-widget elementor-widget-heading\" data-id=\"04cfc3a\" data-element_type=\"widget\" data-e-type=\"widget\" data-widget_type=\"heading.default\">\n\t\t\t\t\t<h2 class=\"elementor-heading-title elementor-size-default\">Es posible ser de muchas formas, pero hay unas formas que se acercan mas al bienestar.<\/h2>\t\t\t\t<\/div>\n\t\t\t\t<div class=\"elementor-element elementor-element-04b56a1 elementor-align-center elementor-widget elementor-widget-button\" data-id=\"04b56a1\" data-element_type=\"widget\" data-e-type=\"widget\" data-widget_type=\"button.default\">\n\t\t\t\t\t\t\t\t\t\t<a class=\"elementor-button elementor-button-link elementor-size-sm\" href=\"https:\/\/serconpsy.com\/en\/book-your-psychotherapy-appointment\/\">\n\t\t\t\t\t\t<span class=\"elementor-button-content-wrapper\">\n\t\t\t\t\t\t\t\t\t<span class=\"elementor-button-text\">\u00bfLo descubrimos juntos?<\/span>\n\t\t\t\t\t<\/span>\n\t\t\t\t\t<\/a>\n\t\t\t\t\t\t\t\t<\/div>\n\t\t\t\t\t<\/div>\n\t\t<\/div>\n\t\t\t\t\t<\/div>\n\t\t<\/section>\n\t\t\t\t<\/div>\n\t\t","protected":false},"excerpt":{"rendered":"<p>\u00bfC\u00f3mo es posible [S.E.R.]? El realismo de tus experiencias est\u00e1 escrito por los caminos, posicionamientos y narrativas que busques, no por lo que el mundo diga de ti. Daniel L\u00f3pez S.E.Renidad como individuo Ac\u00e1 hablamos de la posibilidad de nacer, crecer, relacionarse con el mundo y morir, pero no s\u00f3lo desde lo f\u00edsico o tradicionalmente [&hellip;]<\/p>\n","protected":false},"author":1,"featured_media":0,"parent":0,"menu_order":0,"comment_status":"closed","ping_status":"closed","template":"","meta":{"_joinchat":[],"footnotes":""},"class_list":["post-3012","page","type-page","status-publish","hentry"],"_links":{"self":[{"href":"https:\/\/serconpsy.com\/en\/wp-json\/wp\/v2\/pages\/3012","targetHints":{"allow":["GET"]}}],"collection":[{"href":"https:\/\/serconpsy.com\/en\/wp-json\/wp\/v2\/pages"}],"about":[{"href":"https:\/\/serconpsy.com\/en\/wp-json\/wp\/v2\/types\/page"}],"author":[{"embeddable":true,"href":"https:\/\/serconpsy.com\/en\/wp-json\/wp\/v2\/users\/1"}],"replies":[{"embeddable":true,"href":"https:\/\/serconpsy.com\/en\/wp-json\/wp\/v2\/comments?post=3012"}],"version-history":[{"count":43,"href":"https:\/\/serconpsy.com\/en\/wp-json\/wp\/v2\/pages\/3012\/revisions"}],"predecessor-version":[{"id":3442,"href":"https:\/\/serconpsy.com\/en\/wp-json\/wp\/v2\/pages\/3012\/revisions\/3442"}],"wp:attachment":[{"href":"https:\/\/serconpsy.com\/en\/wp-json\/wp\/v2\/media?parent=3012"}],"curies":[{"name":"wp","href":"https:\/\/api.w.org\/{rel}","templated":true}]}}